{"id":33,"date":"2024-05-26T09:11:36","date_gmt":"2024-05-26T09:11:36","guid":{"rendered":"https:\/\/estepropertyalbania.com\/?page_id=33"},"modified":"2024-06-27T15:39:34","modified_gmt":"2024-06-27T15:39:34","slug":"kontakte","status":"publish","type":"page","link":"https:\/\/estepropertyalbania.com\/en\/kontakte\/","title":{"rendered":"CONTACT"},"content":{"rendered":"<p>[et_pb_section fb_built=&#8221;1&#8243; background_color=&#8221;#d0e3f1&#8243; _builder_version=&#8221;3.0.90&#8243; custom_padding=&#8221;80px|0px|63px|0px&#8221;][et_pb_row custom_padding=&#8221;2px|0px|31px|0px&#8221; _builder_version=&#8221;3.0.90&#8243;][et_pb_column type=&#8221;1_2&#8243; _builder_version=&#8221;3.21.1&#8243; parallax=&#8221;off&#8221; parallax_method=&#8221;on&#8221;][et_pb_text _builder_version=&#8221;3.0.90&#8243; text_font=&#8221;Averia Serif Libre|500|||||||&#8221; text_font_size=&#8221;17px&#8221; text_text_color=&#8221;#10192a&#8221; header_font=&#8221;Alegreya SC|700|||||||&#8221; header_2_font=&#8221;Alegreya SC|600|||||||&#8221; header_4_font=&#8221;||||||||&#8221;]<\/p>\n<h2 class=\"tw-data-text tw-text-large tw-ta\" data-placeholder=\"Translation\" id=\"tw-target-text\" aria-label=\"Translated text\" data-ved=\"2ahUKEwjfvuOb7a2GAxX9LRAIHRBHAX4Q3ewLegQICBAU\" dir=\"ltr\"><strong>CONTACT US<\/strong><\/h2>\n<p>[\/et_pb_text][et_pb_text _builder_version=&#8221;3.0.90&#8243; text_font=&#8221;Averia Serif Libre|500|||||||&#8221; text_font_size=&#8221;17px&#8221; text_text_color=&#8221;#10192a&#8221;]<\/p>\n<p class=\"tw-data-text tw-text-large tw-ta\" data-placeholder=\"Translation\" id=\"tw-target-text\" aria-label=\"Translated text\" data-ved=\"2ahUKEwjfvuOb7a2GAxX9LRAIHRBHAX4Q3ewLegQICBAU\" dir=\"ltr\"><span class=\"Y2IQFc\" lang=\"sq\">Feel free to contact us or leave us a message and we will get back to you as soon as possible. You're welcome!<\/span><\/p>\n<p>[\/et_pb_text][et_pb_map address=&#8221;Dh\u00ebrmi, Albania&#8221; zoom_level=&#8221;16&#8243; address_lat=&#8221;40.1509656&#8243; address_lng=&#8221;19.6416121&#8243; _builder_version=&#8221;3.21.1&#8243; box_shadow_style=&#8221;preset2&#8243; box_shadow_color=&#8221;#42443b&#8221;][\/et_pb_map][\/et_pb_column][et_pb_column type=&#8221;1_2&#8243; _builder_version=&#8221;3.21.1&#8243; parallax=&#8221;off&#8221; parallax_method=&#8221;on&#8221;][et_pb_contact_form captcha=&#8221;off&#8221; email=&#8221;contact@estepropertyalbania.com&#8221; custom_message=&#8221;Emaili u dergua me sukses!&#8221; success_message=&#8221;Emaili u dergua me sukses&#8221; submit_button_text=&#8221;Dergo&#8221; form_background_color=&#8221;#ffffff&#8221; module_id=&#8221;et_pb_contact_form_0&#8243; _builder_version=&#8221;3.0.90&#8243; title_font=&#8221;Arial|600|||||||&#8221; title_font_size=&#8221;22px&#8221; title_text_color=&#8221;#000000&#8243; form_field_font=&#8221;Averia Serif Libre||||||||&#8221; form_field_font_size=&#8221;13px&#8221; form_field_text_color=&#8221;#10192A&#8221; border_radii=&#8221;on|5px|5px|5px|5px&#8221; border_width_all=&#8221;1px&#8221; border_color_all=&#8221;#DBC276&#8243; custom_margin=&#8221;50px|||&#8221; custom_button=&#8221;on&#8221; button_text_size=&#8221;20px&#8221; button_text_color=&#8221;#000000&#8243; button_bg_color=&#8221;#dfc374&#8243; button_border_color=&#8221;#DFC374&#8243; button_border_radius=&#8221;5px&#8221; button_font=&#8221;Alegreya||||||||&#8221;][et_pb_contact_field field_id=&#8221;Emri&#8221; field_title=&#8221;Emri&#8221; _builder_version=&#8221;3.0.90&#8243; border_radii=&#8221;on||||&#8221;][\/et_pb_contact_field][et_pb_contact_field field_id=&#8221;Mbiemri&#8221; field_title=&#8221;Mbiemri&#8221; _builder_version=&#8221;3.0.90&#8243; border_radii=&#8221;on||||&#8221;][\/et_pb_contact_field][et_pb_contact_field field_id=&#8221;Email&#8221; field_title=&#8221;Email&#8221; field_type=&#8221;email&#8221; fullwidth_field=&#8221;on&#8221; _builder_version=&#8221;3.0.90&#8243; border_radii=&#8221;on||||&#8221;][\/et_pb_contact_field][et_pb_contact_field field_id=&#8221;Celular&#8221; field_title=&#8221;Celular&#8221; field_type=&#8221;email&#8221; fullwidth_field=&#8221;on&#8221; _builder_version=&#8221;3.0.90&#8243; border_radii=&#8221;on||||&#8221;][\/et_pb_contact_field][et_pb_contact_field field_id=&#8221;Mesazhi&#8221; field_title=&#8221;Mesazhi&#8221; field_type=&#8221;text&#8221; fullwidth_field=&#8221;on&#8221; _builder_version=&#8221;3.0.90&#8243; border_radii=&#8221;on||||&#8221;][\/et_pb_contact_field][\/et_pb_contact_form][\/et_pb_column][\/et_pb_row][et_pb_row custom_padding=&#8221;31px|0px|44px|0px&#8221; _builder_version=&#8221;3.0.90&#8243;][et_pb_column type=&#8221;4_4&#8243; _builder_version=&#8221;3.0.90&#8243; parallax=&#8221;off&#8221; parallax_method=&#8221;on&#8221;][et_pb_image src=&#8221;https:\/\/estepropertyalbania.com\/wp-content\/uploads\/2024\/06\/vijprer.png&#8221; align=&#8221;center&#8221; _builder_version=&#8221;3.0.90&#8243; max_width=&#8221;30%&#8221;][\/et_pb_image][\/et_pb_column][\/et_pb_row][et_pb_row custom_padding=&#8221;3px|0px|27px|0px&#8221; _builder_version=&#8221;3.0.90&#8243;][et_pb_column type=&#8221;1_3&#8243; _builder_version=&#8221;3.0.90&#8243; parallax=&#8221;off&#8221; parallax_method=&#8221;on&#8221;][et_pb_image src=&#8221;https:\/\/estepropertyalbania.com\/wp-content\/uploads\/2024\/05\/home-1.png&#8221; align=&#8221;center&#8221; _builder_version=&#8221;3.0.90&#8243; max_width=&#8221;31%&#8221; module_alignment=&#8221;center&#8221;][\/et_pb_image][et_pb_text _builder_version=&#8221;3.0.90&#8243; text_font=&#8221;Averia Serif Libre|500|||||||&#8221; text_font_size=&#8221;19px&#8221; text_text_color=&#8221;#10192a&#8221;]<\/p>\n<p class=\"tw-data-text tw-text-large tw-ta\" data-placeholder=\"Translation\" id=\"tw-target-text\" aria-label=\"Translated text\" data-ved=\"2ahUKEwjfvuOb7a2GAxX9LRAIHRBHAX4Q3ewLegQICBAU\" dir=\"ltr\" style=\"text-align: center;\"><span class=\"Y2IQFc\" lang=\"sq\">Dhermi, Albania<\/span><\/p>\n<p>[\/et_pb_text][\/et_pb_column][et_pb_column type=&#8221;1_3&#8243; _builder_version=&#8221;3.0.90&#8243; parallax=&#8221;off&#8221; parallax_method=&#8221;on&#8221;][et_pb_image src=&#8221;https:\/\/estepropertyalbania.com\/wp-content\/uploads\/2024\/05\/smartphone.png&#8221; align=&#8221;center&#8221; _builder_version=&#8221;3.0.90&#8243; max_width=&#8221;31%&#8221; module_alignment=&#8221;center&#8221;][\/et_pb_image][et_pb_text _builder_version=&#8221;3.0.90&#8243; text_font=&#8221;Averia Serif Libre|500|||||||&#8221; text_font_size=&#8221;19px&#8221; text_text_color=&#8221;#10192a&#8221;]<\/p>\n<p class=\"tw-data-text tw-text-large tw-ta\" data-placeholder=\"Translation\" id=\"tw-target-text\" aria-label=\"Translated text\" data-ved=\"2ahUKEwjfvuOb7a2GAxX9LRAIHRBHAX4Q3ewLegQICBAU\" dir=\"ltr\" style=\"text-align: center;\"><span class=\"Y2IQFc\" lang=\"sq\">+355 69 389 8486<\/span><\/p>\n<p>[\/et_pb_text][\/et_pb_column][et_pb_column type=&#8221;1_3&#8243; _builder_version=&#8221;3.0.90&#8243; parallax=&#8221;off&#8221; parallax_method=&#8221;on&#8221;][et_pb_image src=&#8221;https:\/\/estepropertyalbania.com\/wp-content\/uploads\/2024\/05\/email.png&#8221; align=&#8221;center&#8221; _builder_version=&#8221;3.0.90&#8243; max_width=&#8221;31%&#8221; module_alignment=&#8221;center&#8221;][\/et_pb_image][et_pb_text _builder_version=&#8221;3.0.90&#8243; text_font=&#8221;Averia Serif Libre|500|||||||&#8221; text_font_size=&#8221;19px&#8221; text_text_color=&#8221;#10192a&#8221;]<\/p>\n<p class=\"wp-block-heading\" style=\"text-align: center;\">contact@estepropertyalbania.com<\/p>\n<p>[\/et_pb_text][\/et_pb_column][\/et_pb_row][\/et_pb_section]<\/p>","protected":false},"excerpt":{"rendered":"<p>[et_pb_section fb_built=&#8221;1&#8243; background_color=&#8221;#d0e3f1&#8243; _builder_version=&#8221;3.0.90&#8243; custom_padding=&#8221;80px|0px|63px|0px&#8221;][et_pb_row custom_padding=&#8221;2px|0px|31px|0px&#8221; _builder_version=&#8221;3.0.90&#8243;][et_pb_column type=&#8221;1_2&#8243; _builder_version=&#8221;3.21.1&#8243; parallax=&#8221;off&#8221; parallax_method=&#8221;on&#8221;][et_pb_text _builder_version=&#8221;3.0.90&#8243; text_font=&#8221;Averia Serif Libre|500|||||||&#8221; text_font_size=&#8221;17px&#8221; text_text_color=&#8221;#10192a&#8221; header_font=&#8221;Alegreya SC|700|||||||&#8221; header_2_font=&#8221;Alegreya SC|600|||||||&#8221; header_4_font=&#8221;||||||||&#8221;] NA KONTAKTONI [\/et_pb_text][et_pb_text _builder_version=&#8221;3.0.90&#8243; text_font=&#8221;Averia Serif Libre|500|||||||&#8221; text_font_size=&#8221;17px&#8221; text_text_color=&#8221;#10192a&#8221;] Mos ngurroni\u00a0 te na kontaktoni ose te na lini nj\u00eb mesazh dhe ne do t&#8217;ju kontaktojm\u00eb sa m\u00eb shpejt t\u00eb jet\u00eb e mundur. Jeni [&hellip;]<\/p>","protected":false},"author":1,"featured_media":0,"parent":0,"menu_order":0,"comment_status":"closed","ping_status":"closed","template":"","meta":{"footnotes":""},"class_list":["post-33","page","type-page","status-publish","hentry"],"yoast_head":"<!-- This site is optimized with the Yoast SEO plugin v27.4 - https:\/\/yoast.com\/product\/yoast-seo-wordpress\/ -->\n<title>KONTAKT - Este Properties Albania<\/title>\n<meta name=\"robots\" content=\"noindex, follow\" \/>\n<meta property=\"og:locale\" content=\"en_US\" \/>\n<meta property=\"og:type\" content=\"article\" \/>\n<meta property=\"og:title\" content=\"KONTAKT - Este Properties Albania\" \/>\n<meta property=\"og:description\" content=\"[et_pb_section fb_built=&#8221;1&#8243; background_color=&#8221;#d0e3f1&#8243; _builder_version=&#8221;3.0.90&#8243; custom_padding=&#8221;80px|0px|63px|0px&#8221;][et_pb_row custom_padding=&#8221;2px|0px|31px|0px&#8221; _builder_version=&#8221;3.0.90&#8243;][et_pb_column type=&#8221;1_2&#8243; _builder_version=&#8221;3.21.1&#8243; parallax=&#8221;off&#8221; parallax_method=&#8221;on&#8221;][et_pb_text _builder_version=&#8221;3.0.90&#8243; text_font=&#8221;Averia Serif Libre|500|||||||&#8221; text_font_size=&#8221;17px&#8221; text_text_color=&#8221;#10192a&#8221; header_font=&#8221;Alegreya SC|700|||||||&#8221; header_2_font=&#8221;Alegreya SC|600|||||||&#8221; header_4_font=&#8221;||||||||&#8221;] NA KONTAKTONI [\/et_pb_text][et_pb_text _builder_version=&#8221;3.0.90&#8243; text_font=&#8221;Averia Serif Libre|500|||||||&#8221; text_font_size=&#8221;17px&#8221; text_text_color=&#8221;#10192a&#8221;] Mos ngurroni\u00a0 te na kontaktoni ose te na lini nj\u00eb mesazh dhe ne do t&#8217;ju kontaktojm\u00eb sa m\u00eb shpejt t\u00eb jet\u00eb e mundur. Jeni [&hellip;]\" \/>\n<meta property=\"og:url\" content=\"https:\/\/estepropertyalbania.com\/en\/kontakte\/\" \/>\n<meta property=\"og:site_name\" content=\"Este Properties Albania\" \/>\n<meta property=\"article:modified_time\" content=\"2024-06-27T15:39:34+00:00\" \/>\n<meta name=\"twitter:card\" content=\"summary_large_image\" \/>\n<meta name=\"twitter:label1\" content=\"Est. reading time\" \/>\n\t<meta name=\"twitter:data1\" content=\"1 minute\" \/>\n<script type=\"application\/ld+json\" class=\"yoast-schema-graph\">{\"@context\":\"https:\\\/\\\/schema.org\",\"@graph\":[{\"@type\":\"WebPage\",\"@id\":\"https:\\\/\\\/estepropertyalbania.com\\\/kontakte\\\/\",\"url\":\"https:\\\/\\\/estepropertyalbania.com\\\/kontakte\\\/\",\"name\":\"KONTAKT - Este Properties Albania\",\"isPartOf\":{\"@id\":\"https:\\\/\\\/estepropertyalbania.com\\\/#website\"},\"datePublished\":\"2024-05-26T09:11:36+00:00\",\"dateModified\":\"2024-06-27T15:39:34+00:00\",\"breadcrumb\":{\"@id\":\"https:\\\/\\\/estepropertyalbania.com\\\/kontakte\\\/#breadcrumb\"},\"inLanguage\":\"en-US\",\"potentialAction\":[{\"@type\":\"ReadAction\",\"target\":[\"https:\\\/\\\/estepropertyalbania.com\\\/kontakte\\\/\"]}]},{\"@type\":\"BreadcrumbList\",\"@id\":\"https:\\\/\\\/estepropertyalbania.com\\\/kontakte\\\/#breadcrumb\",\"itemListElement\":[{\"@type\":\"ListItem\",\"position\":1,\"name\":\"Home\",\"item\":\"https:\\\/\\\/estepropertyalbania.com\\\/en\\\/\"},{\"@type\":\"ListItem\",\"position\":2,\"name\":\"KONTAKT\"}]},{\"@type\":\"WebSite\",\"@id\":\"https:\\\/\\\/estepropertyalbania.com\\\/#website\",\"url\":\"https:\\\/\\\/estepropertyalbania.com\\\/\",\"name\":\"Este Properties Albania\",\"description\":\"Este Properties Albania\",\"potentialAction\":[{\"@type\":\"SearchAction\",\"target\":{\"@type\":\"EntryPoint\",\"urlTemplate\":\"https:\\\/\\\/estepropertyalbania.com\\\/?s={search_term_string}\"},\"query-input\":{\"@type\":\"PropertyValueSpecification\",\"valueRequired\":true,\"valueName\":\"search_term_string\"}}],\"inLanguage\":\"en-US\"}]}<\/script>\n<!-- \/ Yoast SEO plugin. -->","yoast_head_json":{"title":"KONTAKT - Este Properties Albania","robots":{"index":"noindex","follow":"follow"},"og_locale":"en_US","og_type":"article","og_title":"KONTAKT - Este Properties Albania","og_description":"[et_pb_section fb_built=&#8221;1&#8243; background_color=&#8221;#d0e3f1&#8243; _builder_version=&#8221;3.0.90&#8243; custom_padding=&#8221;80px|0px|63px|0px&#8221;][et_pb_row custom_padding=&#8221;2px|0px|31px|0px&#8221; _builder_version=&#8221;3.0.90&#8243;][et_pb_column type=&#8221;1_2&#8243; _builder_version=&#8221;3.21.1&#8243; parallax=&#8221;off&#8221; parallax_method=&#8221;on&#8221;][et_pb_text _builder_version=&#8221;3.0.90&#8243; text_font=&#8221;Averia Serif Libre|500|||||||&#8221; text_font_size=&#8221;17px&#8221; text_text_color=&#8221;#10192a&#8221; header_font=&#8221;Alegreya SC|700|||||||&#8221; header_2_font=&#8221;Alegreya SC|600|||||||&#8221; header_4_font=&#8221;||||||||&#8221;] NA KONTAKTONI [\/et_pb_text][et_pb_text _builder_version=&#8221;3.0.90&#8243; text_font=&#8221;Averia Serif Libre|500|||||||&#8221; text_font_size=&#8221;17px&#8221; text_text_color=&#8221;#10192a&#8221;] Mos ngurroni\u00a0 te na kontaktoni ose te na lini nj\u00eb mesazh dhe ne do t&#8217;ju kontaktojm\u00eb sa m\u00eb shpejt t\u00eb jet\u00eb e mundur. Jeni [&hellip;]","og_url":"https:\/\/estepropertyalbania.com\/en\/kontakte\/","og_site_name":"Este Properties Albania","article_modified_time":"2024-06-27T15:39:34+00:00","twitter_card":"summary_large_image","twitter_misc":{"Est. reading time":"1 minute"},"schema":{"@context":"https:\/\/schema.org","@graph":[{"@type":"WebPage","@id":"https:\/\/estepropertyalbania.com\/kontakte\/","url":"https:\/\/estepropertyalbania.com\/kontakte\/","name":"KONTAKT - Este Properties Albania","isPartOf":{"@id":"https:\/\/estepropertyalbania.com\/#website"},"datePublished":"2024-05-26T09:11:36+00:00","dateModified":"2024-06-27T15:39:34+00:00","breadcrumb":{"@id":"https:\/\/estepropertyalbania.com\/kontakte\/#breadcrumb"},"inLanguage":"en-US","potentialAction":[{"@type":"ReadAction","target":["https:\/\/estepropertyalbania.com\/kontakte\/"]}]},{"@type":"BreadcrumbList","@id":"https:\/\/estepropertyalbania.com\/kontakte\/#breadcrumb","itemListElement":[{"@type":"ListItem","position":1,"name":"Home","item":"https:\/\/estepropertyalbania.com\/en\/"},{"@type":"ListItem","position":2,"name":"KONTAKT"}]},{"@type":"WebSite","@id":"https:\/\/estepropertyalbania.com\/#website","url":"https:\/\/estepropertyalbania.com\/","name":"Este Properties Albania","description":"Este Properties Albania","potentialAction":[{"@type":"SearchAction","target":{"@type":"EntryPoint","urlTemplate":"https:\/\/estepropertyalbania.com\/?s={search_term_string}"},"query-input":{"@type":"PropertyValueSpecification","valueRequired":true,"valueName":"search_term_string"}}],"inLanguage":"en-US"}]}},"jetpack_sharing_enabled":true,"rttpg_featured_image_url":null,"rttpg_author":{"display_name":"este","author_link":"https:\/\/estepropertyalbania.com\/en\/author\/este\/"},"rttpg_comment":0,"rttpg_category":null,"rttpg_excerpt":"[et_pb_section fb_built=&#8221;1&#8243; background_color=&#8221;#d0e3f1&#8243; _builder_version=&#8221;3.0.90&#8243; custom_padding=&#8221;80px|0px|63px|0px&#8221;][et_pb_row custom_padding=&#8221;2px|0px|31px|0px&#8221; _builder_version=&#8221;3.0.90&#8243;][et_pb_column type=&#8221;1_2&#8243; _builder_version=&#8221;3.21.1&#8243; parallax=&#8221;off&#8221; parallax_method=&#8221;on&#8221;][et_pb_text _builder_version=&#8221;3.0.90&#8243; text_font=&#8221;Averia Serif Libre|500|||||||&#8221; text_font_size=&#8221;17px&#8221; text_text_color=&#8221;#10192a&#8221; header_font=&#8221;Alegreya SC|700|||||||&#8221; header_2_font=&#8221;Alegreya SC|600|||||||&#8221; header_4_font=&#8221;||||||||&#8221;] NA KONTAKTONI [\/et_pb_text][et_pb_text _builder_version=&#8221;3.0.90&#8243; text_font=&#8221;Averia Serif Libre|500|||||||&#8221; text_font_size=&#8221;17px&#8221; text_text_color=&#8221;#10192a&#8221;] Mos ngurroni\u00a0 te na kontaktoni ose te na lini nj\u00eb mesazh dhe ne do t&#8217;ju kontaktojm\u00eb sa m\u00eb shpejt t\u00eb jet\u00eb e mundur. Jeni&hellip;","_links":{"self":[{"href":"https:\/\/estepropertyalbania.com\/en\/wp-json\/wp\/v2\/pages\/33","targetHints":{"allow":["GET"]}}],"collection":[{"href":"https:\/\/estepropertyalbania.com\/en\/wp-json\/wp\/v2\/pages"}],"about":[{"href":"https:\/\/estepropertyalbania.com\/en\/wp-json\/wp\/v2\/types\/page"}],"author":[{"embeddable":true,"href":"https:\/\/estepropertyalbania.com\/en\/wp-json\/wp\/v2\/users\/1"}],"replies":[{"embeddable":true,"href":"https:\/\/estepropertyalbania.com\/en\/wp-json\/wp\/v2\/comments?post=33"}],"version-history":[{"count":19,"href":"https:\/\/estepropertyalbania.com\/en\/wp-json\/wp\/v2\/pages\/33\/revisions"}],"predecessor-version":[{"id":1278,"href":"https:\/\/estepropertyalbania.com\/en\/wp-json\/wp\/v2\/pages\/33\/revisions\/1278"}],"wp:attachment":[{"href":"https:\/\/estepropertyalbania.com\/en\/wp-json\/wp\/v2\/media?parent=33"}],"curies":[{"name":"wp","href":"https:\/\/api.w.org\/{rel}","templated":true}]}}